{"id":88,"date":"2018-12-15T15:05:03","date_gmt":"2018-12-15T14:05:03","guid":{"rendered":"http:\/\/wp.xn--bootsverleih-rgen-g3b.de\/?page_id=88"},"modified":"2021-05-14T13:06:03","modified_gmt":"2021-05-14T11:06:03","slug":"preise-termine","status":"publish","type":"page","link":"https:\/\/xn--bootsverleih-rgen-g3b.de\/index.php\/preise-termine\/","title":{"rendered":"Mietpreise Boote und Zubeh\u00f6r"},"content":{"rendered":"\n<p class=\"has-vivid-red-color has-text-color has-background has-medium-font-size\" style=\"background-color:#ffffff\">15 PS Boot 80,00\u20ac \/ Tag (<a href=\"https:\/\/www.bootsverleih-r\u00fcgen.de\/index.php\/boote\/seeigel\/\">Seeigel <\/a>, <a href=\"https:\/\/www.bootsverleih-r\u00fcgen.de\/index.php\/boote\/seestern\/\">Seestern<\/a> , <a href=\"https:\/\/www.xn--bootsverleih-rgen-g3b.de\/index.php\/boote\/seeteufel\/\">Seeteufel<\/a>)<br>25 PS Boot 90,00\u20ac \/ Tag (<a href=\"https:\/\/xn--bootsverleih-rgen-g3b.de\/index.php\/seehund\/\">Seehund<\/a>)<br>70 PS Boot 120,00\u20ac \/ Tag (<a href=\"https:\/\/www.bootsverleih-r\u00fcgen.de\/index.php\/boote\/salsa\/\">Salsa<\/a>)<br>100 PS Boot 150,00\u20ac\/ Tag (<a href=\"https:\/\/www.xn--bootsverleih-rgen-g3b.de\/index.php\/boote\/seewolf\">Seewolf<\/a>)<\/p>\n\n\n\n<p class=\"has-vivid-red-color has-text-color has-background has-medium-font-size\" style=\"background-color:#ffffff\">Plotter \/ Fischfinder : 10,00\u20ac \/ Tag<br>Benzin : nach Verbrauch<br><br>weiters Zubeh\u00f6r z.B. Angeln, Schleppgeschirr o.a. nach Vereinbarung<br><br>Alle Boote verf\u00fcgen \u00fcber einen Trailer und k\u00f6nnen bei Bedarf \/ M\u00f6glichkeit an einen anderen Standort verlegt werden. <br><br>Die Transfergeb\u00fchr betr\u00e4gt 1,00\u20ac \/ km hin und zur\u00fcck. Abgangsort ist Martinshafen. <br><\/p>\n","protected":false},"excerpt":{"rendered":"<p>15 PS Boot 80,00\u20ac \/ Tag (Seeigel , Seestern , Seeteufel)25 PS Boot 90,00\u20ac \/ Tag (Seehund)70 PS Boot 120,00\u20ac \/ Tag (Salsa)100 PS Boot 150,00\u20ac\/ Tag (Seewolf) Plotter \/ Fischfinder : 10,00\u20ac \/ TagBenzin : nach Verbrauch weiters Zubeh\u00f6r z.B. Angeln, Schleppgeschirr o.a. nach Vereinbarung Alle Boote verf\u00fcgen \u00fcber&#8230;<\/p>\n","protected":false},"author":1,"featured_media":0,"parent":0,"menu_order":0,"comment_status":"closed","ping_status":"closed","template":"","meta":[],"_links":{"self":[{"href":"https:\/\/xn--bootsverleih-rgen-g3b.de\/index.php\/wp-json\/wp\/v2\/pages\/88"}],"collection":[{"href":"https:\/\/xn--bootsverleih-rgen-g3b.de\/index.php\/wp-json\/wp\/v2\/pages"}],"about":[{"href":"https:\/\/xn--bootsverleih-rgen-g3b.de\/index.php\/wp-json\/wp\/v2\/types\/page"}],"author":[{"embeddable":true,"href":"https:\/\/xn--bootsverleih-rgen-g3b.de\/index.php\/wp-json\/wp\/v2\/users\/1"}],"replies":[{"embeddable":true,"href":"https:\/\/xn--bootsverleih-rgen-g3b.de\/index.php\/wp-json\/wp\/v2\/comments?post=88"}],"version-history":[{"count":15,"href":"https:\/\/xn--bootsverleih-rgen-g3b.de\/index.php\/wp-json\/wp\/v2\/pages\/88\/revisions"}],"predecessor-version":[{"id":936,"href":"https:\/\/xn--bootsverleih-rgen-g3b.de\/index.php\/wp-json\/wp\/v2\/pages\/88\/revisions\/936"}],"wp:attachment":[{"href":"https:\/\/xn--bootsverleih-rgen-g3b.de\/index.php\/wp-json\/wp\/v2\/media?parent=88"}],"curies":[{"name":"wp","href":"https:\/\/api.w.org\/{rel}","templated":true}]}}